{"id":203,"date":"2017-06-19T03:16:27","date_gmt":"2017-06-19T03:16:27","guid":{"rendered":"http:\/\/brandexponents.com\/oshin\/v30\/?page_id=203"},"modified":"2021-05-24T21:35:35","modified_gmt":"2021-05-24T21:35:35","slug":"contact","status":"publish","type":"page","link":"https:\/\/korotki.colnes.pl\/?page_id=203","title":{"rendered":"Contact v28"},"content":{"rendered":"<div  class=\"tatsu-fqp2kudbp3f8i4uw tatsu-section    tatsu-clearfix\" data-title=\"\"  data-headerscheme=\"background--dark\"><div class='tatsu-section-pad clearfix' data-padding='{\"d\":\"0px 0px 90px 0px \"}' data-padding-top='0px'><div class=\"tatsu-row-wrap  tatsu-wrap tatsu-row-has-one-half tatsu-row-has-two-cols tatsu-large-gutter tatsu-eq-cols  tatsu-clearfix tatsu-fqp2kudbpv14w12v\" ><div  class=\"tatsu-row \" ><div  class=\"tatsu-column  tatsu-column-no-bg tatsu-one-half tatsu-column-image-none tatsu-column-effect-none  tatsu-fqp2kudbq8anwyaw\"  data-parallax-speed=\"0\" style=\"\"><div class=\"tatsu-column-inner \" ><div class=\"tatsu-column-pad-wrap\"><div class=\"tatsu-column-pad\" ><div  class=\"tatsu-single-image tatsu-module tatsu-animate tatsu-image-lazyload tatsu-fqp2kudbqu983tx7  \" data-animation=\"fadeIn\"  ><div class=\"tatsu-single-image-inner \" style=\"background : rgba(26,26,26,1);width : 1920px;\" ><div class = \"tatsu-single-image-padding-wrap\" style = \"padding-bottom : 66.666666666667%;\" ><\/div><img class = \"tatsu-gradient-border\" alt = \"\" title = \"home-office-336377_1920\" data-src = \"https:\/\/korotki.colnes.pl\/wp-content\/uploads\/2021\/05\/home-office-336377_1920.jpg\" \/><\/div><style>.tatsu-fqp2kudbqu983tx7 .tatsu-single-image-inner{max-width: 100%;background-color: rgba(26,26,26,1);}.tatsu-fqp2kudbqu983tx7.tatsu-single-image{transform: translate3d(0px,0px, 0);}.tatsu-fqp2kudbqu983tx7{padding: 125px 0px 0px 0px;}<\/style><\/div><\/div><\/div><div class = \"tatsu-column-bg-image-wrap\"><div class = \"tatsu-column-bg-image\" ><\/div><\/div><\/div><style>.tatsu-row > .tatsu-fqp2kudbq8anwyaw.tatsu-column{width: 50%;}.tatsu-fqp2kudbq8anwyaw.tatsu-column > .tatsu-column-inner > .tatsu-column-overlay{mix-blend-mode: none;}.tatsu-fqp2kudbq8anwyaw > .tatsu-column-inner > .tatsu-top-divider{z-index: 9999;}.tatsu-fqp2kudbq8anwyaw > .tatsu-column-inner > .tatsu-bottom-divider{z-index: 9999;}.tatsu-fqp2kudbq8anwyaw > .tatsu-column-inner > .tatsu-left-divider{z-index: 9999;}.tatsu-fqp2kudbq8anwyaw > .tatsu-column-inner > .tatsu-right-divider{z-index: 9999;}@media only screen and (max-width: 767px) {.tatsu-row > .tatsu-fqp2kudbq8anwyaw.tatsu-column{width: 100%;}}<\/style><\/div><div  class=\"tatsu-column  tatsu-column-no-bg tatsu-one-half tatsu-column-align-middle tatsu-column-image-none tatsu-column-effect-none  tatsu-fqp2kudbug6drs88\"  data-parallax-speed=\"0\" style=\"\"><div class=\"tatsu-column-inner \" ><div class=\"tatsu-column-pad-wrap\"><div class=\"tatsu-column-pad\" ><div  class = \"oshine-module special-heading-wrap  tatsu-fqp2kudbv3n5sjz style6 tatsu-animate  \" data-animation=\"fadeIn\"  ><style>.tatsu-fqp2kudbv3n5sjz.special-heading-wrap.style6{font-size: 14px;margin: 0px 0px 20px 0px;text-align: left;}.tatsu-fqp2kudbv3n5sjz.special-heading-wrap.style6 .be-title{letter-spacing: 2px;}.tatsu-fqp2kudbv3n5sjz.special-heading-wrap.style6 .be-border {background: rgba(245,166,35,1);}<\/style><div class = \"special-heading-inner-wrap be-border-style2 be-expand\" ><div class = \"be-border\" ><\/div><h6 class = \"be-title\">HAVE A PROJECT ?<\/h6><\/div><\/div><div  class=\"tatsu-module tatsu-inline-text clearfix tatsu-fqp2kudbxub3l6qk   tatsu-animate\" data-animation=\"fadeIn\"  ><style>.tatsu-fqp2kudbxub3l6qk .tatsu-inline-text-inner{width: 100%;text-align: left;}.tatsu-fqp2kudbxub3l6qk.tatsu-inline-text{margin: 0px 0px 20px 0px ;}<\/style><div class=\"tatsu-inline-text-inner tatsu-align-center\">\n<h2>Lets Work Together<\/h2>\n<\/div><\/div><div  class=\"tatsu-module tatsu-inline-text clearfix tatsu-fqp2kudc0fajf623   tatsu-animate\" data-animation=\"fadeIn\"  ><style>.tatsu-fqp2kudc0fajf623 .tatsu-inline-text-inner{width: 100%;text-align: left;}<\/style><div class=\"tatsu-inline-text-inner tatsu-align-center\">\n<p>I love to listen and I am eagerly waiting to talk to you regarding your project.\u00a0<\/p>\n<\/div><\/div><div  class=\"tatsu-module tatsu-text-block-wrap tatsu-fqp2kudc2zrjx6k  \"><div class=\"tatsu-text-inner tatsu-align-center tatsu-animate clearfix\" data-animation=\"fadeIn\"  ><style>.tatsu-fqp2kudc2zrjx6k.tatsu-text-block-wrap .tatsu-text-inner{width: 100%;text-align: left;}<\/style>\n<h5>Email:<\/h5>\n<p><a class = \"be-animated-anchor be-style7\" href = \"mailto:j.przytulska@korotkimusic.pl\" style = \"color:inherit;\" data-hover-color = \"#fff\" data-color = \"inherit\" data-border-color = \"#fff\" ><span class = \"be-anchor-overlay\"style = \"background:#fff;\"><\/span>j.przytulska@korotkimusic.pl<\/a><\/p>\n<h5>Telefon:<\/h5>\n<p><a class = \"be-animated-anchor be-style7\" href = \"tel:+48691053763\" style = \"color:inherit;\" data-hover-color = \"#fff\" data-color = \"inherit\" data-border-color = \"#fff\" ><span class = \"be-anchor-overlay\"style = \"background:#fff;\"><\/span>+48 691 053 763<\/a><\/div><\/div><div  class=\"contact_form contact_form_module oshine-module style2 style2-input tatsu-fqp2kudc6y9ohy83   \"  data-consent-error = \"Please check the consent box, in order for us to process this form\">\n\t\t\t\t\t\t<form method=\"post\" class=\"contact\">\n\t\t\t\t\t\t\t<fieldset class=\"field_name contact_fieldset\">\n\t\t\t\t\t\t\t\t<input type=\"text\" name=\"contact_name\" class=\"txt autoclear\" placeholder=\"Imi\u0119 i nazwisko\" style=\"border-width:1px\" \/>\n\t\t\t\t\t\t\t<\/fieldset>\n\t\t\t\t\t\t\t<fieldset class=\"field_email contact_fieldset\">\n\t\t\t\t\t\t\t\t<input type=\"text\" name=\"contact_email\" class=\"txt autoclear\" placeholder=\"Email\" style=\"border-width:1px\" \/>\n\t\t\t\t\t\t\t<\/fieldset><fieldset class=\"field_comment contact_fieldset\">\n\t\t\t\t\t\t\t\t<textarea name=\"contact_comment\" class=\"txt_area autoclear\" placeholder=\"Tre\u015b\u0107 wiadomo\u015bci...\" style=\"border-width:1px\" ><\/textarea>\n\t\t\t\t\t\t\t<\/fieldset><fieldset class=\"contact_fieldset submit-fieldset\">\n\t\t\t\t\t\t\t\t<input type = \"hidden\" name = \"contact_style\" value = \"style2\"\/> \n\t\t\t\t\t\t\t\t<input type=\"submit\" name=\"contact_submit\" value=\"Wy\u015blij\" class=\"contact_submit tatsu-button rounded blockbtn\" \/>\n\t\t\t\t\t\t\t\t<div class=\"contact_loader\"><div class=\"font-icon loader-style4-wrap loader-icon\"><\/div><\/div>\n\t\t\t\t\t\t\t<\/fieldset><div class=\"contact_status tatsu-notification\"><\/div>\n\t\t\t\t\t\t<\/form><style>.tatsu-fqp2kudc6y9ohy83 input[type=\"text\"], .tatsu-fqp2kudc6y9ohy83 textarea{background-color: transparent;color: rgba(180,180,180,1) ;border-color: rgba(122,122,122,0.4); }.tatsu-fqp2kudc6y9ohy83 .contact_submit{background-color: rgba(245,166,35,1);color: rgba(255,255,255,1) ;}<\/style>\n\t\t\t\t\t<\/div><\/div><\/div><div class = \"tatsu-column-bg-image-wrap\"><div class = \"tatsu-column-bg-image\" ><\/div><\/div><\/div><style>.tatsu-row > .tatsu-fqp2kudbug6drs88.tatsu-column{width: 50%;}.tatsu-fqp2kudbug6drs88.tatsu-column > .tatsu-column-inner > .tatsu-column-overlay{mix-blend-mode: none;}.tatsu-fqp2kudbug6drs88 > .tatsu-column-inner > .tatsu-top-divider{z-index: 9999;}.tatsu-fqp2kudbug6drs88 > .tatsu-column-inner > .tatsu-bottom-divider{z-index: 9999;}.tatsu-fqp2kudbug6drs88 > .tatsu-column-inner > .tatsu-left-divider{z-index: 9999;}.tatsu-fqp2kudbug6drs88 > .tatsu-column-inner > .tatsu-right-divider{z-index: 9999;}@media only screen and (max-width: 767px) {.tatsu-row > .tatsu-fqp2kudbug6drs88.tatsu-column{width: 100%;}}<\/style><\/div><\/div><\/div><\/div><div class=\"tatsu-section-background-wrap\"><div class = \"tatsu-section-background\" ><\/div><\/div><style>.tatsu-fqp2kudbp3f8i4uw .tatsu-section-pad{padding: 0px 0px 90px 0px ;}.tatsu-fqp2kudbp3f8i4uw > .tatsu-bottom-divider{z-index: 9999;}.tatsu-fqp2kudbp3f8i4uw > .tatsu-top-divider{z-index: 9999;}<\/style><\/div>\n","protected":false},"excerpt":{"rendered":"<p><a href=\"https:\/\/korotki.colnes.pl\/?page_id=203\" class=\"more-link style1-button\">Read More<\/a><\/p>","protected":false},"author":1,"featured_media":0,"parent":0,"menu_order":0,"comment_status":"closed","ping_status":"closed","template":"","meta":[],"_links":{"self":[{"href":"https:\/\/korotki.colnes.pl\/index.php?rest_route=\/wp\/v2\/pages\/203"}],"collection":[{"href":"https:\/\/korotki.colnes.pl\/index.php?rest_route=\/wp\/v2\/pages"}],"about":[{"href":"https:\/\/korotki.colnes.pl\/index.php?rest_route=\/wp\/v2\/types\/page"}],"author":[{"embeddable":true,"href":"https:\/\/korotki.colnes.pl\/index.php?rest_route=\/wp\/v2\/users\/1"}],"replies":[{"embeddable":true,"href":"https:\/\/korotki.colnes.pl\/index.php?rest_route=%2Fwp%2Fv2%2Fcomments&post=203"}],"version-history":[{"count":5,"href":"https:\/\/korotki.colnes.pl\/index.php?rest_route=\/wp\/v2\/pages\/203\/revisions"}],"predecessor-version":[{"id":3619,"href":"https:\/\/korotki.colnes.pl\/index.php?rest_route=\/wp\/v2\/pages\/203\/revisions\/3619"}],"wp:attachment":[{"href":"https:\/\/korotki.colnes.pl\/index.php?rest_route=%2Fwp%2Fv2%2Fmedia&parent=203"}],"curies":[{"name":"wp","href":"https:\/\/api.w.org\/{rel}","templated":true}]}}